{"id":382,"date":"2020-12-11T05:34:56","date_gmt":"2020-12-11T05:34:56","guid":{"rendered":"https:\/\/cieplan.org\/new\/?page_id=382"},"modified":"2020-12-11T06:54:52","modified_gmt":"2020-12-11T06:54:52","slug":"proyectos-caf-cieplan","status":"publish","type":"page","link":"https:\/\/cieplan.org\/new\/proyectos-caf-cieplan\/","title":{"rendered":"Proyectos CAF-Cieplan"},"content":{"rendered":"\n<div class=\"wp-block-image\"><figure class=\"aligncenter is-resized\"><img loading=\"lazy\" src=\"http:\/\/www.cieplan.org\/wp-content\/uploads\/2019\/09\/logocafciepl.png\" alt=\"\" class=\"wp-image-3804\" width=\"634\" height=\"329\"\/><\/figure><\/div>\n\n\n\n<p>La productividad constituye un factor econ\u00f3mico central. Por una parte incide en la competitividad internacional de los pa\u00edses y por otra, es el mecanismo fundamental para elevar los ingresos de las personas.<\/p>\n\n\n\n<p>Pero Am\u00e9rica Latina a\u00fan no logra aumentar su productividad de modo de alcanzar los niveles de desarrollo econ\u00f3mico de los pa\u00edses industrializados. \u00bfC\u00f3mo lograr que crezca su productividad justamente en aquellos bienes, los recursos naturales de exportaci\u00f3n, en los cuales la regi\u00f3n tiene ventajas comparativas?<\/p>\n\n\n\n<p>Este es el enfoque del convenio entre la Corporaci\u00f3n Andina de Fomento (CAF) y Cieplan, alianza estrat\u00e9gica a trav\u00e9s de la cual ambas instituciones analizar\u00e1n c\u00f3mo Am\u00e9rica Latina puede aumentar su productividad en aquellos bienes de exportaci\u00f3n en los que tiene ventajas comparativas, examinando el comportamiento de la productividad de los sectores de miner\u00eda, acuicultura y fruticultura en Per\u00fa y Chile.<\/p>\n\n\n\n<p>CAF es un banco de desarrollo constituido en 1970 y conformado por 19 pa\u00edses, 17 de Am\u00e9rica Latina y el Caribe, adem\u00e1s de Espa\u00f1a y Portugal. Una de sus acciones es financiar operaciones t\u00e9cnicas dirigidas a empresas, organismos internacionales u organizaciones del sector p\u00fablico o privado de los pa\u00edses que conforman la CAF para impulsar programas innovadores que contribuyan al desarrollo sostenible y la integraci\u00f3n regional.<\/p>\n\n\n\n<div class=\"wp-block-buttons aligncenter\">\n<div class=\"wp-block-button is-style-3d\"><a class=\"wp-block-button__link\" href=\"http:\/\/www.cieplan.org\/tag\/programa-caf-cieplan\/\">Descarga las publicaciones del proyecto CAF-Cieplan<\/a><\/div>\n<\/div>\n\n\n\n<p><\/p>\n","protected":false},"excerpt":{"rendered":"<p>La productividad constituye un factor econ\u00f3mico central. Por una parte incide en la competitividad internacional de los pa\u00edses y por otra, es el mecanismo fundamental para elevar los ingresos de las personas. Pero Am\u00e9rica Latina a\u00fan no logra aumentar su productividad de modo de alcanzar los niveles de desarrollo econ\u00f3mico de los pa\u00edses industrializados. \u00bfC\u00f3mo [&hellip;]<\/p>\n","protected":false},"author":1,"featured_media":0,"parent":0,"menu_order":0,"comment_status":"closed","ping_status":"closed","template":"","meta":{"tdm_status":"","tdm_grid_status":""},"_links":{"self":[{"href":"https:\/\/cieplan.org\/new\/wp-json\/wp\/v2\/pages\/382"}],"collection":[{"href":"https:\/\/cieplan.org\/new\/wp-json\/wp\/v2\/pages"}],"about":[{"href":"https:\/\/cieplan.org\/new\/wp-json\/wp\/v2\/types\/page"}],"author":[{"embeddable":true,"href":"https:\/\/cieplan.org\/new\/wp-json\/wp\/v2\/users\/1"}],"replies":[{"embeddable":true,"href":"https:\/\/cieplan.org\/new\/wp-json\/wp\/v2\/comments?post=382"}],"version-history":[{"count":4,"href":"https:\/\/cieplan.org\/new\/wp-json\/wp\/v2\/pages\/382\/revisions"}],"predecessor-version":[{"id":439,"href":"https:\/\/cieplan.org\/new\/wp-json\/wp\/v2\/pages\/382\/revisions\/439"}],"wp:attachment":[{"href":"https:\/\/cieplan.org\/new\/wp-json\/wp\/v2\/media?parent=382"}],"curies":[{"name":"wp","href":"https:\/\/api.w.org\/{rel}","templated":true}]}}