{"id":183,"date":"2020-11-17T05:24:45","date_gmt":"2020-11-17T05:24:45","guid":{"rendered":"https:\/\/cieplan.org\/new\/?page_id=183"},"modified":"2020-12-11T06:55:53","modified_gmt":"2020-12-11T06:55:53","slug":"nosotros","status":"publish","type":"page","link":"https:\/\/cieplan.org\/new\/nosotros\/","title":{"rendered":"Nosotros"},"content":{"rendered":"\n<p class=\"has-text-align-left\">CIEPLAN es un centro de estudios de reconocida influencia en la discusi\u00f3n y generaci\u00f3n de conocimiento econ\u00f3mico y en el dise\u00f1o de pol\u00edticas p\u00fablicas en Chile y Am\u00e9rica Latina. Funciona como una organizaci\u00f3n privada sin fines de lucro con expertos del m\u00e1s alto nivel y una <strong>red de investigadores a nivel nacional e internacional<\/strong>.<\/p>\n\n\n\n<p class=\"has-text-align-left\">Sus \u00e1reas de investigaci\u00f3n se organizan principalmente en torno al <strong>an\u00e1lisis econ\u00f3mico y social de pa\u00edses de ingreso medio en Latinoam\u00e9rica<\/strong>. En ese contexto, CIEPLAN hace propuestas para discutir una agenda de <strong>crecimiento y desarrollo inclusivo<\/strong> para la regi\u00f3n con una mirada de largo plazo en \u00e1reas como <strong>integraci\u00f3n regional, diversificaci\u00f3n productiva, innovaci\u00f3n tecnol\u00f3gica, fortalecimiento de las instituciones democr\u00e1ticas, libre competencia, regulaci\u00f3n de mercados y reducci\u00f3n de las desigualdades sociales<\/strong>, entre muchos otros temas.<\/p>\n\n\n\n<div class=\"wp-block-buttons aligncenter\">\n<div class=\"wp-block-button is-style-3d td_btn_normal\"><a class=\"wp-block-button__link\" href=\"https:\/\/cieplan.org\/new\/memoria-40-anos-cieplan\/\">Revisa aqu\u00ed los 40 a\u00f1os de historia de CIEPLAN<\/a><\/div>\n<\/div>\n\n\n\n<figure class=\"wp-block-image size-large\"><img loading=\"lazy\" width=\"1024\" height=\"768\" src=\"https:\/\/cieplan.org\/new\/wp-content\/uploads\/2020\/12\/1-1024x768.jpg\" alt=\"\" class=\"wp-image-317\" srcset=\"https:\/\/cieplan.org\/new\/wp-content\/uploads\/2020\/12\/1-1024x768.jpg 1024w, https:\/\/cieplan.org\/new\/wp-content\/uploads\/2020\/12\/1-300x225.jpg 300w, https:\/\/cieplan.org\/new\/wp-content\/uploads\/2020\/12\/1-768x576.jpg 768w, https:\/\/cieplan.org\/new\/wp-content\/uploads\/2020\/12\/1-150x113.jpg 150w, https:\/\/cieplan.org\/new\/wp-content\/uploads\/2020\/12\/1-696x522.jpg 696w, https:\/\/cieplan.org\/new\/wp-content\/uploads\/2020\/12\/1-1068x801.jpg 1068w, https:\/\/cieplan.org\/new\/wp-content\/uploads\/2020\/12\/1.jpg 1200w\" sizes=\"(max-width: 1024px) 100vw, 1024px\" \/><\/figure>\n\n\n\n<blockquote class=\"wp-block-quote has-text-align-center\"><p><strong>Fue fundado en 1976, tres a\u00f1os despu\u00e9s del golpe militar, con el fin de aportar conocimientos a las pol\u00edticas p\u00fablicas en Chile y Latinoam\u00e9rica y colaborar en los esfuerzos por recuperar la tradici\u00f3n democr\u00e1tica del pa\u00eds.<\/strong><\/p><\/blockquote>\n\n\n\n<p>De sus filas han surgido los principales art\u00edfices de la estrategia de <strong>crecimiento econ\u00f3mico con equidad social<\/strong> y con apertura al comercio mundial ejecutada en Chile desde el retorno a la democracia en 1990. De hecho, cuatro ministros de Hacienda se formaron como investigadores en este centro de estudios. En los \u00faltimos a\u00f1os CIEPLAN ha trabajado con una nueva generaci\u00f3n de investigadores que tambi\u00e9n ha pasado a ocupar cargos relevantes dentro de la administraci\u00f3n p\u00fablica.<\/p>\n\n\n\n<p>Desde su creaci\u00f3n, CIEPLAN se ha financiado en base a proyectos presentados a organismos multilaterales, agencias y fundaciones como el Banco Interamericano de Desarrollo (BID), Banco de Desarrollo de Am\u00e9rica Latina (CAF), Banco Mundial (BM), Programa de Naciones Unidas para el Desarrollo (PNUD), Uni\u00f3n Europea, Fundaci\u00f3n Internacional y para Iberoam\u00e9rica de Administraci\u00f3n y Pol\u00edticas P\u00fablicas (FIIAPP), Agencia Espa\u00f1ola de Cooperaci\u00f3n Internacional para el Desarrollo (AECID), Fundaci\u00f3n Carolina, International Development Research Centre (IDRC), la Agencia Sueca para la Cooperaci\u00f3n de la Investigaci\u00f3n con Pa\u00edses en Desarrollo) (SAREC), y actualmente a trav\u00e9s del Programa Cieplan \u2013 Universidad de Talca.<\/p>\n\n\n\n<hr class=\"wp-block-separator\"\/>\n\n\n\n<p>Todo el trabajo de investigaci\u00f3n producido por CIEPLAN durante cuatro d\u00e9cadas de historia est\u00e1 digitalizado y disponible en la biblioteca de <a rel=\"noreferrer noopener\" href=\"http:\/\/www.cieplan.org\/\" target=\"_blank\">www.cieplan.org<\/a>.<\/p>\n","protected":false},"excerpt":{"rendered":"<p>CIEPLAN es un centro de estudios de reconocida influencia en la discusi\u00f3n y generaci\u00f3n de conocimiento econ\u00f3mico y en el dise\u00f1o de pol\u00edticas p\u00fablicas en Chile y Am\u00e9rica Latina. Funciona como una organizaci\u00f3n privada sin fines de lucro con expertos del m\u00e1s alto nivel y una red de investigadores a nivel nacional e internacional. Sus [&hellip;]<\/p>\n","protected":false},"author":1,"featured_media":0,"parent":0,"menu_order":0,"comment_status":"closed","ping_status":"closed","template":"","meta":{"tdm_status":"","tdm_grid_status":""},"_links":{"self":[{"href":"https:\/\/cieplan.org\/new\/wp-json\/wp\/v2\/pages\/183"}],"collection":[{"href":"https:\/\/cieplan.org\/new\/wp-json\/wp\/v2\/pages"}],"about":[{"href":"https:\/\/cieplan.org\/new\/wp-json\/wp\/v2\/types\/page"}],"author":[{"embeddable":true,"href":"https:\/\/cieplan.org\/new\/wp-json\/wp\/v2\/users\/1"}],"replies":[{"embeddable":true,"href":"https:\/\/cieplan.org\/new\/wp-json\/wp\/v2\/comments?post=183"}],"version-history":[{"count":13,"href":"https:\/\/cieplan.org\/new\/wp-json\/wp\/v2\/pages\/183\/revisions"}],"predecessor-version":[{"id":440,"href":"https:\/\/cieplan.org\/new\/wp-json\/wp\/v2\/pages\/183\/revisions\/440"}],"wp:attachment":[{"href":"https:\/\/cieplan.org\/new\/wp-json\/wp\/v2\/media?parent=183"}],"curies":[{"name":"wp","href":"https:\/\/api.w.org\/{rel}","templated":true}]}}